{"id":10500,"date":"2020-07-17T10:24:11","date_gmt":"2020-07-17T07:24:11","guid":{"rendered":"https:\/\/xstyle.md\/product\/gornolyzhnye-botinki-elan-bloom-1"},"modified":"2026-03-19T16:34:55","modified_gmt":"2026-03-19T13:34:55","slug":"gornolyzhnye-botinki-elan-bloom-1","status":"publish","type":"product","link":"https:\/\/xstyle.md\/ro\/produs\/gornolyzhnye-botinki-elan-bloom-1\/","title":{"rendered":"Cl\u0103pari Elan BLOOM 1"},"content":{"rendered":"<\/p>\n<p>Cl\u0103pari <strong>Elan BLOOM 1<\/strong> &#8212; sunt cizme pentru copii care utilizeaz\u0103 tehnologia Elan U-Flex pentru flexibilitate. Flexibilitatea excep\u021bional\u0103 \u0219i mobilitatea crescut\u0103 a v\u00e2rfului, combinate cu materialele de \u00eenalt\u0103 calitate din interiorul ghetei, garanteaz\u0103 c\u0103ldur\u0103 \u0219i confort.<\/p>\n<h3>Particularit\u0103\u021bi<\/h3>\n<ul>\n<li>Datorit\u0103 distan\u021bierului de control al volumului, o singur\u0103 cizm\u0103 se potrive\u0219te la trei m\u0103rimi.<\/li>\n<li>Gheata este prev\u0103zut\u0103 cu o inser\u021bie special\u0103 care modific\u0103 volumul intern al ghetei \u00een func\u021bie de faptul c\u0103 aceasta este montat\u0103 \u00een sus sau \u00een jos.<\/li>\n<li>Inser\u021biile elastomerice permit cizmei s\u0103 se \u00eendoaie \u00een trei dimensiuni, urm\u00e2nd mi\u0219c\u0103rile naturale ale piciorului copilului, men\u021bin\u00e2ndu-l mobil \u0219i, prin urmare, cald, f\u0103r\u0103 a \u00eempiedica schiurile s\u0103 se \u00eendoaie longitudinal. Sistemul special de talp\u0103 pivotant\u0103 permite \u00eencorporarea a 3 m\u0103rimi \u00eentr-o singur\u0103 gheat\u0103.<\/li>\n<\/ul>\n<h3>Caracteristici<\/h3>\n<ul>\n<li>Nivelul schiorului &#8212; \u00eencep\u0103tor<\/li>\n<li>Scop &#8212; universal<\/li>\n<li>Num\u0103r de clipuri &#8212; 1<\/li>\n<li>Tampon &#8212; larg<\/li>\n<li>Indice de flexibilitate &#8212; 20<\/li>\n<li>Talp\u0103 &#8212; ISO 5355<\/li>\n<li>Model &#8212; pentru copii.<\/li>\n<\/ul>\n<h3>Tehnologie<\/h3>\n<ul>\n<li><strong>U-Flex<\/strong> &#8212; tehnologie care face ca ghetele s\u0103 fie cu 25% mai moi dec\u00e2t media din categoria sa. Aceast\u0103 tehnologie unic\u0103 patentat\u0103 contribuie la o progresie mai rapid\u0103 \u0219i la o mai mare pl\u0103cere de a c\u0103l\u0103ri.<\/li>\n<li><strong>Volume Control Plate<\/strong> &#8212; volumul reglabil al c\u0103ptu\u0219elii pentru schiori tineri \u00eembun\u0103t\u0103\u021be\u0219te controlul. Prin alternarea pl\u0103cii de control al volumului (VCP) din plastic, special conceput\u0103, \u00eentre bocancul st\u00e2ng \u0219i cel drept, este posibil\u0103 ajustarea bocancilor la m\u0103rimea piciorului. Acest lucru le permite schiorilor tineri s\u0103 foloseasc\u0103 acelea\u0219i ghete de schi pentru perioade mai lungi de timp.<\/li>\n<li><strong>Flex Index<\/strong> &#8212; unul dintre principalii parametri care caracterizeaz\u0103 rigiditatea \u00eenc\u0103l\u021b\u0103mintei. Cu c\u00e2t rigiditatea este mai mic\u0103, cu at\u00e2t antrenamentul este mai confortabil \u0219i mai u\u0219or.<\/li>\n<li><strong>ISO 5355<\/strong> &#8212; talpa standard a cizmelor de schi universale, este complet plat\u0103 \u0219i are o \u00een\u0103l\u021bime de 19\u00b11 mm.<\/li>\n<\/ul>\n<h3>Marca<\/h3>\n<p>Elan Group este un produc\u0103tor \u0219i furnizor de top de echipamente sportive \u0219i de agrement. Compania este prezent\u0103 pe aceast\u0103 pia\u021b\u0103 de mai bine de 60 de ani. Toate activit\u0103\u021bile Elan sunt axate pe dezvoltarea tehnic\u0103 a produselor \u0219i pe tehnologia avansat\u0103 exprimat\u0103 prin design progresiv. Printre activit\u0103\u021bile Grupului Elan se num\u0103r\u0103: schi alpin \u0219i snowboarding, iahturi cu vele \u00een larg \u0219i furnizarea de facilit\u0103\u021bi sportive cu toate echipamentele necesare.<\/p>\n<p><\/p>","protected":false},"excerpt":{"rendered":"<p>Cl\u0103pari Elan BLOOM 1<\/p>","protected":false},"featured_media":10499,"comment_status":"open","ping_status":"closed","template":"","meta":{"_acf_changed":false,"inline_featured_image":false},"product_brand":[1315],"product_cat":[353],"product_tag":[],"class_list":{"0":"post-10500","1":"product","2":"type-product","3":"status-publish","4":"has-post-thumbnail","6":"product_brand-elan","7":"product_cat-ski-boots","9":"first","10":"instock","11":"shipping-taxable","12":"purchasable","13":"product-type-simple"},"acf":[],"yoast_head":"<!-- This site is optimized with the Yoast SEO plugin v27.4 - https:\/\/yoast.com\/product\/yoast-seo-wordpress\/ -->\n<title>\u0413\u043e\u0440\u043d\u043e\u043b\u044b\u0436\u043d\u044b\u0435 \u0431\u043e\u0442\u0438\u043d\u043a\u0438 Elan BLOOM 1 - \u041c\u0430\u0433\u0430\u0437\u0438\u043d Xstyle<\/title>\n<meta name=\"description\" content=\"\u0413\u043e\u0440\u043d\u043e\u043b\u044b\u0436\u043d\u044b\u0435 \u0431\u043e\u0442\u0438\u043d\u043a\u0438 Elan BLOOM 1 \u0434\u043b\u044f \u0434\u0435\u0442\u0435\u0439 \u0441 \u0442\u0435\u0445\u043d\u043e\u043b\u043e\u0433\u0438\u0435\u0439 UFlex \u043e\u0431\u0435\u0441\u043f\u0435\u0447\u0438\u0432\u0430\u044e\u0442 \u043e\u0442\u043b\u0438\u0447\u043d\u0443\u044e \u0433\u0438\u0431\u043a\u043e\u0441\u0442\u044c \u0438 \u043a\u043e\u043c\u0444\u043e\u0440\u0442. \u0418\u0434\u0435\u0430\u043b\u044c\u043d\u044b\u0439 \u0432\u044b\u0431\u043e\u0440 \u0434\u043b\u044f \u044e\u043d\u044b\u0445 \u0433\u043e\u0440\u043d\u043e\u043b\u044b\u0436\u043d\u0438\u043a\u043e\u0432!\" \/>\n<meta name=\"robots\" content=\"index, follow, max-snippet:-1, max-image-preview:large, max-video-preview:-1\" \/>\n<link rel=\"canonical\" href=\"https:\/\/xstyle.md\/ro\/produs\/gornolyzhnye-botinki-elan-bloom-1\/\" \/>\n<meta property=\"og:locale\" content=\"ro_RO\" \/>\n<meta property=\"og:type\" content=\"article\" \/>\n<meta property=\"og:title\" content=\"\u0413\u043e\u0440\u043d\u043e\u043b\u044b\u0436\u043d\u044b\u0435 \u0431\u043e\u0442\u0438\u043d\u043a\u0438 Elan BLOOM 1 - \u041c\u0430\u0433\u0430\u0437\u0438\u043d Xstyle\" \/>\n<meta property=\"og:description\" content=\"\u0413\u043e\u0440\u043d\u043e\u043b\u044b\u0436\u043d\u044b\u0435 \u0431\u043e\u0442\u0438\u043d\u043a\u0438 Elan BLOOM 1 \u0434\u043b\u044f \u0434\u0435\u0442\u0435\u0439 \u0441 \u0442\u0435\u0445\u043d\u043e\u043b\u043e\u0433\u0438\u0435\u0439 UFlex \u043e\u0431\u0435\u0441\u043f\u0435\u0447\u0438\u0432\u0430\u044e\u0442 \u043e\u0442\u043b\u0438\u0447\u043d\u0443\u044e \u0433\u0438\u0431\u043a\u043e\u0441\u0442\u044c \u0438 \u043a\u043e\u043c\u0444\u043e\u0440\u0442. \u0418\u0434\u0435\u0430\u043b\u044c\u043d\u044b\u0439 \u0432\u044b\u0431\u043e\u0440 \u0434\u043b\u044f \u044e\u043d\u044b\u0445 \u0433\u043e\u0440\u043d\u043e\u043b\u044b\u0436\u043d\u0438\u043a\u043e\u0432!\" \/>\n<meta property=\"og:url\" content=\"https:\/\/xstyle.md\/ro\/produs\/gornolyzhnye-botinki-elan-bloom-1\/\" \/>\n<meta property=\"og:site_name\" content=\"\u041c\u0430\u0433\u0430\u0437\u0438\u043d Xstyle\" \/>\n<meta property=\"article:publisher\" content=\"https:\/\/www.facebook.com\/xstylemd\" \/>\n<meta property=\"article:modified_time\" content=\"2026-03-19T13:34:55+00:00\" \/>\n<meta property=\"og:image\" content=\"https:\/\/xstyle.md\/wp-content\/uploads\/2020\/07\/elan_bloom_1.jpg\" \/>\n\t<meta property=\"og:image:width\" content=\"395\" \/>\n\t<meta property=\"og:image:height\" content=\"455\" \/>\n\t<meta property=\"og:image:type\" content=\"image\/jpeg\" \/>\n<meta name=\"twitter:card\" content=\"summary_large_image\" \/>\n<meta name=\"twitter:label1\" content=\"Pre\u021b\" \/>\n\t<meta name=\"twitter:data1\" content=\"1.790&nbsp;MDL\" \/>\n\t<meta name=\"twitter:label2\" content=\"Disponibilitate\" \/>\n\t<meta name=\"twitter:data2\" content=\"\u00cen stoc\" \/>\n<script type=\"application\/ld+json\" class=\"yoast-schema-graph\">{\"@context\":\"https:\\\/\\\/schema.org\",\"@graph\":[{\"@type\":\"WebPage\",\"@id\":\"https:\\\/\\\/xstyle.md\\\/product\\\/gornolyzhnye-botinki-elan-bloom-1\\\/\",\"url\":\"https:\\\/\\\/xstyle.md\\\/product\\\/gornolyzhnye-botinki-elan-bloom-1\\\/\",\"name\":\"\u0413\u043e\u0440\u043d\u043e\u043b\u044b\u0436\u043d\u044b\u0435 \u0431\u043e\u0442\u0438\u043d\u043a\u0438 Elan BLOOM 1 - \u041c\u0430\u0433\u0430\u0437\u0438\u043d Xstyle\",\"isPartOf\":{\"@id\":\"https:\\\/\\\/xstyle.md\\\/#website\"},\"primaryImageOfPage\":{\"@id\":\"https:\\\/\\\/xstyle.md\\\/product\\\/gornolyzhnye-botinki-elan-bloom-1\\\/#primaryimage\"},\"image\":{\"@id\":\"https:\\\/\\\/xstyle.md\\\/product\\\/gornolyzhnye-botinki-elan-bloom-1\\\/#primaryimage\"},\"thumbnailUrl\":\"https:\\\/\\\/xstyle.md\\\/wp-content\\\/uploads\\\/2020\\\/07\\\/elan_bloom_1.jpg\",\"datePublished\":\"2020-07-17T07:24:11+00:00\",\"dateModified\":\"2026-03-19T13:34:55+00:00\",\"description\":\"\u0413\u043e\u0440\u043d\u043e\u043b\u044b\u0436\u043d\u044b\u0435 \u0431\u043e\u0442\u0438\u043d\u043a\u0438 Elan BLOOM 1 \u0434\u043b\u044f \u0434\u0435\u0442\u0435\u0439 \u0441 \u0442\u0435\u0445\u043d\u043e\u043b\u043e\u0433\u0438\u0435\u0439 UFlex \u043e\u0431\u0435\u0441\u043f\u0435\u0447\u0438\u0432\u0430\u044e\u0442 \u043e\u0442\u043b\u0438\u0447\u043d\u0443\u044e \u0433\u0438\u0431\u043a\u043e\u0441\u0442\u044c \u0438 \u043a\u043e\u043c\u0444\u043e\u0440\u0442. \u0418\u0434\u0435\u0430\u043b\u044c\u043d\u044b\u0439 \u0432\u044b\u0431\u043e\u0440 \u0434\u043b\u044f \u044e\u043d\u044b\u0445 \u0433\u043e\u0440\u043d\u043e\u043b\u044b\u0436\u043d\u0438\u043a\u043e\u0432!\",\"breadcrumb\":{\"@id\":\"https:\\\/\\\/xstyle.md\\\/product\\\/gornolyzhnye-botinki-elan-bloom-1\\\/#breadcrumb\"},\"inLanguage\":\"ro-RO\",\"potentialAction\":[{\"@type\":\"ReadAction\",\"target\":[\"https:\\\/\\\/xstyle.md\\\/product\\\/gornolyzhnye-botinki-elan-bloom-1\\\/\"]}]},{\"@type\":\"ImageObject\",\"inLanguage\":\"ro-RO\",\"@id\":\"https:\\\/\\\/xstyle.md\\\/product\\\/gornolyzhnye-botinki-elan-bloom-1\\\/#primaryimage\",\"url\":\"https:\\\/\\\/xstyle.md\\\/wp-content\\\/uploads\\\/2020\\\/07\\\/elan_bloom_1.jpg\",\"contentUrl\":\"https:\\\/\\\/xstyle.md\\\/wp-content\\\/uploads\\\/2020\\\/07\\\/elan_bloom_1.jpg\",\"width\":395,\"height\":455},{\"@type\":\"BreadcrumbList\",\"@id\":\"https:\\\/\\\/xstyle.md\\\/product\\\/gornolyzhnye-botinki-elan-bloom-1\\\/#breadcrumb\",\"itemListElement\":[{\"@type\":\"ListItem\",\"position\":1,\"name\":\"\u0413\u043b\u0430\u0432\u043d\u0430\u044f \u0441\u0442\u0440\u0430\u043d\u0438\u0446\u0430\",\"item\":\"https:\\\/\\\/xstyle.md\\\/\"},{\"@type\":\"ListItem\",\"position\":2,\"name\":\"\u041c\u0430\u0433\u0430\u0437\u0438\u043d\",\"item\":\"https:\\\/\\\/xstyle.md\\\/shop\\\/\"},{\"@type\":\"ListItem\",\"position\":3,\"name\":\"\u0413\u043e\u0440\u043d\u043e\u043b\u044b\u0436\u043d\u044b\u0435 \u0431\u043e\u0442\u0438\u043d\u043a\u0438 Elan BLOOM 1\"}]},{\"@type\":\"WebSite\",\"@id\":\"https:\\\/\\\/xstyle.md\\\/#website\",\"url\":\"https:\\\/\\\/xstyle.md\\\/\",\"name\":\"\u041c\u0430\u0433\u0430\u0437\u0438\u043d Xstyle\",\"description\":\"C\u043d\u0430\u0440\u044f\u0436\u0435\u043d\u0438\u0435 \u0434\u043b\u044f \u0442\u0443\u0440\u0438\u0437\u043c\u0430 \u0438 \u044d\u043a\u0441\u0442\u0440\u0435\u043c\u0430\u043b\u044c\u043d\u044b\u0445 \u0432\u0438\u0434\u043e\u0432 \u0441\u043f\u043e\u0440\u0442\u0430 \u0432 \u041c\u043e\u043b\u0434\u043e\u0432\u0435.. \u0426\u0435\u043d\u044b, \u0444\u043e\u0442\u043e, \u0445\u0430\u0440\u0430\u043a\u0442\u0435\u0440\u0438\u0441\u0442\u0438\u043a\u0438 \u0432 \u041c\u043e\u043b\u0434\u043e\u0432\u0435.\",\"publisher\":{\"@id\":\"https:\\\/\\\/xstyle.md\\\/#organization\"},\"alternateName\":\"X-Style\",\"potentialAction\":[{\"@type\":\"SearchAction\",\"target\":{\"@type\":\"EntryPoint\",\"urlTemplate\":\"https:\\\/\\\/xstyle.md\\\/?s={search_term_string}\"},\"query-input\":{\"@type\":\"PropertyValueSpecification\",\"valueRequired\":true,\"valueName\":\"search_term_string\"}}],\"inLanguage\":\"ro-RO\"},{\"@type\":\"Organization\",\"@id\":\"https:\\\/\\\/xstyle.md\\\/#organization\",\"name\":\"\u041c\u0430\u0433\u0430\u0437\u0438\u043d Xstyle\",\"alternateName\":\"x-style\",\"url\":\"https:\\\/\\\/xstyle.md\\\/\",\"logo\":{\"@type\":\"ImageObject\",\"inLanguage\":\"ro-RO\",\"@id\":\"https:\\\/\\\/xstyle.md\\\/#\\\/schema\\\/logo\\\/image\\\/\",\"url\":\"https:\\\/\\\/xstyle.md\\\/wp-content\\\/uploads\\\/2020\\\/06\\\/logoicon.svg\",\"contentUrl\":\"https:\\\/\\\/xstyle.md\\\/wp-content\\\/uploads\\\/2020\\\/06\\\/logoicon.svg\",\"caption\":\"\u041c\u0430\u0433\u0430\u0437\u0438\u043d Xstyle\"},\"image\":{\"@id\":\"https:\\\/\\\/xstyle.md\\\/#\\\/schema\\\/logo\\\/image\\\/\"},\"sameAs\":[\"https:\\\/\\\/www.facebook.com\\\/xstylemd\",\"https:\\\/\\\/www.instagram.com\\\/xstyle_md\\\/\",\"https:\\\/\\\/t.me\\\/xstyle_outdoor\"],\"hasMerchantReturnPolicy\":{\"@type\":\"MerchantReturnPolicy\",\"merchantReturnLink\":\"https:\\\/\\\/xstyle.md\\\/ro\\\/conditions\\\/\"}}]}<\/script>\n<meta property=\"product:price:amount\" content=\"1790.00\" \/>\n<meta property=\"product:price:currency\" content=\"MDL\" \/>\n<meta property=\"og:availability\" content=\"instock\" \/>\n<meta property=\"product:availability\" content=\"instock\" \/>\n<meta property=\"product:retailer_item_id\" content=\"3838855646718\" \/>\n<meta property=\"product:condition\" content=\"new\" \/>\n<!-- \/ Yoast SEO plugin. -->","yoast_head_json":{"title":"Cl\u0103pari Elan BLOOM 1 - Magazin Xstyle","description":"Botinele de schi Elan BLOOM 1 pentru copii cu tehnologia UFlex ofer\u0103 o flexibilitate \u0219i un confort excelente. O alegere ideal\u0103 pentru tinerii schiori!","robots":{"index":"index","follow":"follow","max-snippet":"max-snippet:-1","max-image-preview":"max-image-preview:large","max-video-preview":"max-video-preview:-1"},"canonical":"https:\/\/xstyle.md\/ro\/produs\/gornolyzhnye-botinki-elan-bloom-1\/","og_locale":"ro_RO","og_type":"article","og_title":"\u0413\u043e\u0440\u043d\u043e\u043b\u044b\u0436\u043d\u044b\u0435 \u0431\u043e\u0442\u0438\u043d\u043a\u0438 Elan BLOOM 1 - \u041c\u0430\u0433\u0430\u0437\u0438\u043d Xstyle","og_description":"\u0413\u043e\u0440\u043d\u043e\u043b\u044b\u0436\u043d\u044b\u0435 \u0431\u043e\u0442\u0438\u043d\u043a\u0438 Elan BLOOM 1 \u0434\u043b\u044f \u0434\u0435\u0442\u0435\u0439 \u0441 \u0442\u0435\u0445\u043d\u043e\u043b\u043e\u0433\u0438\u0435\u0439 UFlex \u043e\u0431\u0435\u0441\u043f\u0435\u0447\u0438\u0432\u0430\u044e\u0442 \u043e\u0442\u043b\u0438\u0447\u043d\u0443\u044e \u0433\u0438\u0431\u043a\u043e\u0441\u0442\u044c \u0438 \u043a\u043e\u043c\u0444\u043e\u0440\u0442. \u0418\u0434\u0435\u0430\u043b\u044c\u043d\u044b\u0439 \u0432\u044b\u0431\u043e\u0440 \u0434\u043b\u044f \u044e\u043d\u044b\u0445 \u0433\u043e\u0440\u043d\u043e\u043b\u044b\u0436\u043d\u0438\u043a\u043e\u0432!","og_url":"https:\/\/xstyle.md\/ro\/produs\/gornolyzhnye-botinki-elan-bloom-1\/","og_site_name":"\u041c\u0430\u0433\u0430\u0437\u0438\u043d Xstyle","article_publisher":"https:\/\/www.facebook.com\/xstylemd","article_modified_time":"2026-03-19T13:34:55+00:00","og_image":[{"width":395,"height":455,"url":"https:\/\/xstyle.md\/wp-content\/uploads\/2020\/07\/elan_bloom_1.jpg","type":"image\/jpeg"}],"twitter_card":"summary_large_image","twitter_misc":{"Pre\u021b":"1.790&nbsp;MDL","Disponibilitate":"\u00cen stoc"},"schema":{"@context":"https:\/\/schema.org","@graph":[{"@type":"WebPage","@id":"https:\/\/xstyle.md\/product\/gornolyzhnye-botinki-elan-bloom-1\/","url":"https:\/\/xstyle.md\/product\/gornolyzhnye-botinki-elan-bloom-1\/","name":"Cl\u0103pari Elan BLOOM 1 - Magazin Xstyle","isPartOf":{"@id":"https:\/\/xstyle.md\/#website"},"primaryImageOfPage":{"@id":"https:\/\/xstyle.md\/product\/gornolyzhnye-botinki-elan-bloom-1\/#primaryimage"},"image":{"@id":"https:\/\/xstyle.md\/product\/gornolyzhnye-botinki-elan-bloom-1\/#primaryimage"},"thumbnailUrl":"https:\/\/xstyle.md\/wp-content\/uploads\/2020\/07\/elan_bloom_1.jpg","datePublished":"2020-07-17T07:24:11+00:00","dateModified":"2026-03-19T13:34:55+00:00","description":"Botinele de schi Elan BLOOM 1 pentru copii cu tehnologia UFlex ofer\u0103 o flexibilitate \u0219i un confort excelente. O alegere ideal\u0103 pentru tinerii schiori!","breadcrumb":{"@id":"https:\/\/xstyle.md\/product\/gornolyzhnye-botinki-elan-bloom-1\/#breadcrumb"},"inLanguage":"ro-RO","potentialAction":[{"@type":"ReadAction","target":["https:\/\/xstyle.md\/product\/gornolyzhnye-botinki-elan-bloom-1\/"]}]},{"@type":"ImageObject","inLanguage":"ro-RO","@id":"https:\/\/xstyle.md\/product\/gornolyzhnye-botinki-elan-bloom-1\/#primaryimage","url":"https:\/\/xstyle.md\/wp-content\/uploads\/2020\/07\/elan_bloom_1.jpg","contentUrl":"https:\/\/xstyle.md\/wp-content\/uploads\/2020\/07\/elan_bloom_1.jpg","width":395,"height":455},{"@type":"BreadcrumbList","@id":"https:\/\/xstyle.md\/product\/gornolyzhnye-botinki-elan-bloom-1\/#breadcrumb","itemListElement":[{"@type":"ListItem","position":1,"name":"\u0413\u043b\u0430\u0432\u043d\u0430\u044f \u0441\u0442\u0440\u0430\u043d\u0438\u0446\u0430","item":"https:\/\/xstyle.md\/"},{"@type":"ListItem","position":2,"name":"\u041c\u0430\u0433\u0430\u0437\u0438\u043d","item":"https:\/\/xstyle.md\/shop\/"},{"@type":"ListItem","position":3,"name":"\u0413\u043e\u0440\u043d\u043e\u043b\u044b\u0436\u043d\u044b\u0435 \u0431\u043e\u0442\u0438\u043d\u043a\u0438 Elan BLOOM 1"}]},{"@type":"WebSite","@id":"https:\/\/xstyle.md\/#website","url":"https:\/\/xstyle.md\/","name":"Magazinul X-Style","description":"Echipamente pentru turism \u0219i sporturi extreme \u00een Moldova. Pre\u021buri, fotografii, caracteristici \u00een Moldova.","publisher":{"@id":"https:\/\/xstyle.md\/#organization"},"alternateName":"X-Style","potentialAction":[{"@type":"SearchAction","target":{"@type":"EntryPoint","urlTemplate":"https:\/\/xstyle.md\/?s={search_term_string}"},"query-input":{"@type":"PropertyValueSpecification","valueRequired":true,"valueName":"search_term_string"}}],"inLanguage":"ro-RO"},{"@type":"Organization","@id":"https:\/\/xstyle.md\/#organization","name":"Magazinul X-Style","alternateName":"x-style","url":"https:\/\/xstyle.md\/","logo":{"@type":"ImageObject","inLanguage":"ro-RO","@id":"https:\/\/xstyle.md\/#\/schema\/logo\/image\/","url":"https:\/\/xstyle.md\/wp-content\/uploads\/2020\/06\/logoicon.svg","contentUrl":"https:\/\/xstyle.md\/wp-content\/uploads\/2020\/06\/logoicon.svg","caption":"\u041c\u0430\u0433\u0430\u0437\u0438\u043d Xstyle"},"image":{"@id":"https:\/\/xstyle.md\/#\/schema\/logo\/image\/"},"sameAs":["https:\/\/www.facebook.com\/xstylemd","https:\/\/www.instagram.com\/xstyle_md\/","https:\/\/t.me\/xstyle_outdoor"],"hasMerchantReturnPolicy":{"@type":"MerchantReturnPolicy","merchantReturnLink":"https:\/\/xstyle.md\/ro\/conditions\/"}}]},"product_price_amount":"1790.00","product_price_currency":"MDL","og_availability":"instock","product_availability":"instock","product_retailer_item_id":"3838855646718","product_condition":"new"},"_links":{"self":[{"href":"https:\/\/xstyle.md\/ro\/wp-json\/wp\/v2\/product\/10500","targetHints":{"allow":["GET"]}}],"collection":[{"href":"https:\/\/xstyle.md\/ro\/wp-json\/wp\/v2\/product"}],"about":[{"href":"https:\/\/xstyle.md\/ro\/wp-json\/wp\/v2\/types\/product"}],"replies":[{"embeddable":true,"href":"https:\/\/xstyle.md\/ro\/wp-json\/wp\/v2\/comments?post=10500"}],"wp:featuredmedia":[{"embeddable":true,"href":"https:\/\/xstyle.md\/ro\/wp-json\/wp\/v2\/media\/10499"}],"wp:attachment":[{"href":"https:\/\/xstyle.md\/ro\/wp-json\/wp\/v2\/media?parent=10500"}],"wp:term":[{"taxonomy":"product_brand","embeddable":true,"href":"https:\/\/xstyle.md\/ro\/wp-json\/wp\/v2\/product_brand?post=10500"},{"taxonomy":"product_cat","embeddable":true,"href":"https:\/\/xstyle.md\/ro\/wp-json\/wp\/v2\/product_cat?post=10500"},{"taxonomy":"product_tag","embeddable":true,"href":"https:\/\/xstyle.md\/ro\/wp-json\/wp\/v2\/product_tag?post=10500"}],"curies":[{"name":"wp","href":"https:\/\/api.w.org\/{rel}","templated":true}]}}