{"id":103288,"date":"2026-03-13T12:58:57","date_gmt":"2026-03-13T09:58:57","guid":{"rendered":"https:\/\/xstyle.md\/?post_type=product&#038;p=103288"},"modified":"2026-03-13T18:20:02","modified_gmt":"2026-03-13T15:20:02","slug":"fonar-fenix-c7-led-flashlight-green","status":"publish","type":"product","link":"https:\/\/xstyle.md\/ro\/produs\/fonar-fenix-c7-led-flashlight-green\/","title":{"rendered":"Lantern\u0103 Fenix C7 LED Flashlight green"},"content":{"rendered":"<\/p>\n<p><strong>Fenix C7 LED Flashlight<\/strong> &#8212; este o lantern\u0103 industrial\u0103 de \u00eenalt\u0103 performan\u021b\u0103, care combin\u0103 o luminozitate uria\u0219\u0103 cu o autonomie incredibil\u0103. Edi\u021bia special\u0103 din 2026, \u00een culoarea Army Green, subliniaz\u0103 fiabilitatea sa tactic\u0103. Lanterna este dotat\u0103 cu o baz\u0103 magnetic\u0103, fiind ideal\u0103 pentru \u00eentre\u021binerea echipamentelor \u0219i opera\u021biuni de c\u0103utare.<\/p>\n<h3>Particularit\u0103\u021bi<\/h3>\n<ul>\n<li>Putere extrem\u0103 &#8212; datorit\u0103 LED-ului de ultim\u0103 genera\u021bie, lanterna ofer\u0103 p\u00e2n\u0103 la 3000 lumeni, ilumin\u00e2nd la o distan\u021b\u0103 de p\u00e2n\u0103 la 470 metri<\/li>\n<li>Baz\u0103 magnetic\u0103 &#8212; dispune de un magnet puternic integrat \u00een capacul posterior, permi\u021b\u00e2nd fixarea lanternei pe suprafe\u021be metalice pentru a lucra cu m\u00e2inile libere<\/li>\n<li>Alimentare &#8212; func\u021bioneaz\u0103 cu un acumulator Li-ion de mare capacitate tip 21700 (5000 mAh), inclus \u00een pachet<\/li>\n<li>\u00cenc\u0103rcare rapid\u0103 &#8212; portul USB Type-C permite \u00eenc\u0103rcarea complet\u0103 a lanternei \u00een doar 3 ore. Portul este protejat intern \u00eempotriva p\u0103trunderii umezelii<\/li>\n<li>Durabilitate &#8212; carcas\u0103 fabricat\u0103 din aluminiu anodizat A6061-T6. Lanterna rezist\u0103 la c\u0103deri de la o \u00een\u0103l\u021bime de p\u00e2n\u0103 la 1.5 metri<\/li>\n<li>Indica\u021bie &#8212; butonul de control este echipat cu un indicator luminos pentru nivelul de \u00eenc\u0103rcare al acumulatorului<\/li>\n<\/ul>\n<h3>Caracteristici<\/h3>\n<ul>\n<li>Luminozitate &#8212; 3000 lumeni<\/li>\n<li>Distan\u021ba fasciculului &#8212; 470 metri<\/li>\n<li>Autonomie &#8212; p\u00e2n\u0103 la 68 de ore \u00een modul minim (\u0219i p\u00e2n\u0103 la 28 de zile \u00een modul \u201eEco\u201d)<\/li>\n<li>Protec\u021bie &#8212; IP68 (protec\u021bie total\u0103 \u00eempotriva prafului \u0219i scufundare \u00een ap\u0103 p\u00e2n\u0103 la 2 metri timp de 30 de minute)<\/li>\n<li>Greutate &#8212; 172 g (f\u0103r\u0103 acumulator)<\/li>\n<li>Dimensiuni &#8212; 149 x 40 x 27 mm<\/li>\n<\/ul>\n<p><\/p>\n<h3>Marca<\/h3>\n<p>Fenix - este unul dintre cei mai importan\u021bi produc\u0103tori mondiali de lanterne moderne: tactice, de camping, proiectoare, faruri pentru biciclet\u0103 \u0219i accesorii pentru acestea. Fondat\u0103 \u00een urm\u0103 cu peste 20 de ani, compania a c\u00e2\u0219tigat recunoa\u0219terea celor care pun pre\u021b pe func\u021bionalitatea \u0219i fiabilitatea dispozitivelor. Produsele Fenix \u0219i-au g\u0103sit o utilizare larg\u0103 \u00een via\u021ba de zi cu zi \u0219i au devenit preferatele sportivilor, entuzia\u0219tilor de outdoor \u0219i angaja\u021bilor din organiza\u021bii speciale, datorit\u0103 autonomiei extinse a bateriilor, designului ergonomic \u0219i puterii uimitoare. Fabricate din aluminiu aviatic cu anodizare tripl\u0103 \u0219i echipate cu sticl\u0103 rezistent\u0103 la impact, acestea sunt ideale at\u00e2t pentru utilizarea cotidian\u0103, c\u00e2t \u0219i pentru activit\u0103\u021bi recreative intense.<\/p>\n<p>\u00cen prezent, produsele Fenix sunt disponibile \u00een peste 100 de \u021b\u0103ri, deservind zeci de milioane de utilizatori din \u00eentreaga lume.<\/p>","protected":false},"excerpt":{"rendered":"<p>\u0411\u0440\u0435\u043d\u0434 Fenix \u2013 \u0432\u0435\u0434\u0443\u0449\u0438\u0439 \u0432 \u043c\u0438\u0440\u0435 \u043f\u0440\u043e\u0438\u0437\u0432\u043e\u0434\u0438\u0442\u0435\u043b\u044c \u0441\u043e\u0432\u0440\u0435\u043c\u0435\u043d\u043d\u044b\u0445 \u0444\u043e\u043d\u0430\u0440\u0435\u0439: \u0442\u0430\u043a\u0442\u0438\u0447\u0435\u0441\u043a\u0438\u0445, \u0442\u0443\u0440\u0438\u0441\u0442\u0438\u0447\u0435\u0441\u043a\u0438\u0445, \u0444\u043e\u043d\u0430\u0440\u0435\u0439-\u043f\u0440\u043e\u0436\u0435\u043a\u0442\u043e\u0440\u043e\u0432, \u0432\u0435\u043b\u043e\u0444\u0430\u0440 \u0438 \u0430\u043a\u0441\u0435\u0441\u0441\u0443\u0430\u0440\u043e\u0432 \u043a \u043d\u0438\u043c. \u041e\u0441\u043d\u043e\u0432\u0430\u043d\u043d\u0430\u044f \u0431\u043e\u043b\u0435\u0435 20 \u043b\u0435\u0442 \u043d\u0430\u0437\u0430\u0434, \u043a\u043e\u043c\u043f\u0430\u043d\u0438\u044f \u043f\u043e\u043b\u0443\u0447\u0438\u043b\u0430 \u043f\u0440\u0438\u0437\u043d\u0430\u043d\u0438\u0435 \u0442\u0435\u0445, \u043a\u0442\u043e \u0446\u0435\u043d\u0438\u0442 \u0444\u0443\u043d\u043a\u0446\u0438\u043e\u043d\u0430\u043b\u044c\u043d\u043e\u0441\u0442\u044c \u0438 \u0440\u0430\u0431\u043e\u0442\u043e\u0441\u043f\u043e\u0441\u043e\u0431\u043d\u043e\u0441\u0442\u044c \u043f\u0440\u0438\u0431\u043e\u0440\u043e\u0432. \u041f\u0440\u043e\u0434\u0443\u043a\u0446\u0438\u044f Fenix \u043d\u0430\u0448\u043b\u0430 \u0448\u0438\u0440\u043e\u043a\u043e\u0435 \u043f\u0440\u0438\u043c\u0435\u043d\u0435\u043d\u0438\u0435 \u0432 \u0434\u043e\u043c\u0430\u0448\u043d\u0435\u043c \u043e\u0431\u0438\u0445\u043e\u0434\u0435, \u043f\u043e\u043b\u044e\u0431\u0438\u043b\u0430\u0441\u044c \u0441\u043f\u043e\u0440\u0442\u0441\u043c\u0435\u043d\u0430\u043c, \u043b\u044e\u0431\u0438\u0442\u0435\u043b\u044f\u043c \u0442\u0443\u0440\u0438\u0441\u0442\u0438\u0447\u0435\u0441\u043a\u043e\u0433\u043e \u043e\u0442\u0434\u044b\u0445\u0430 \u0438 \u0441\u043b\u0443\u0436\u0430\u0449\u0438\u043c \u0441\u043f\u0435\u0446\u0438\u0430\u043b\u044c\u043d\u044b\u0445 \u043e\u0440\u0433\u0430\u043d\u0438\u0437\u0430\u0446\u0438\u0439, \u0431\u043b\u0430\u0433\u043e\u0434\u0430\u0440\u044f \u0434\u043e\u043b\u0433\u043e\u0432\u0440\u0435\u043c\u0435\u043d\u043d\u043e\u0439 \u0440\u0430\u0431\u043e\u0442\u0435 \u0431\u0430\u0442\u0430\u0440\u0435\u0439, \u044d\u0440\u0433\u043e\u043d\u043e\u043c\u0438\u0447\u043d\u043e\u043c\u0443 \u0434\u0438\u0437\u0430\u0439\u043d\u0443 [&hellip;]<\/p>\n","protected":false},"featured_media":103420,"comment_status":"open","ping_status":"closed","template":"","meta":{"_acf_changed":false,"inline_featured_image":false},"product_brand":[1351],"product_cat":[462],"product_tag":[],"class_list":{"0":"post-103288","1":"product","2":"type-product","3":"status-publish","4":"has-post-thumbnail","6":"product_brand-fenix","7":"product_cat-lumini-de-mana","9":"first","10":"instock","11":"shipping-taxable","12":"purchasable","13":"product-type-simple"},"acf":[],"yoast_head":"<!-- This site is optimized with the Yoast SEO plugin v27.4 - https:\/\/yoast.com\/product\/yoast-seo-wordpress\/ -->\n<title>\u0424\u043e\u043d\u0430\u0440\u044c Fenix C7 LED Flashlight green - \u041c\u0430\u0433\u0430\u0437\u0438\u043d Xstyle<\/title>\n<meta name=\"robots\" content=\"index, follow, max-snippet:-1, max-image-preview:large, max-video-preview:-1\" \/>\n<link rel=\"canonical\" href=\"https:\/\/xstyle.md\/ro\/produs\/fonar-fenix-c7-led-flashlight-green\/\" \/>\n<meta property=\"og:locale\" content=\"ro_RO\" \/>\n<meta property=\"og:type\" content=\"article\" \/>\n<meta property=\"og:title\" content=\"\u0424\u043e\u043d\u0430\u0440\u044c Fenix C7 LED Flashlight green - \u041c\u0430\u0433\u0430\u0437\u0438\u043d Xstyle\" \/>\n<meta property=\"og:description\" content=\"\u0411\u0440\u0435\u043d\u0434 Fenix \u2013 \u0432\u0435\u0434\u0443\u0449\u0438\u0439 \u0432 \u043c\u0438\u0440\u0435 \u043f\u0440\u043e\u0438\u0437\u0432\u043e\u0434\u0438\u0442\u0435\u043b\u044c \u0441\u043e\u0432\u0440\u0435\u043c\u0435\u043d\u043d\u044b\u0445 \u0444\u043e\u043d\u0430\u0440\u0435\u0439: \u0442\u0430\u043a\u0442\u0438\u0447\u0435\u0441\u043a\u0438\u0445, \u0442\u0443\u0440\u0438\u0441\u0442\u0438\u0447\u0435\u0441\u043a\u0438\u0445, \u0444\u043e\u043d\u0430\u0440\u0435\u0439-\u043f\u0440\u043e\u0436\u0435\u043a\u0442\u043e\u0440\u043e\u0432, \u0432\u0435\u043b\u043e\u0444\u0430\u0440 \u0438 \u0430\u043a\u0441\u0435\u0441\u0441\u0443\u0430\u0440\u043e\u0432 \u043a \u043d\u0438\u043c. \u041e\u0441\u043d\u043e\u0432\u0430\u043d\u043d\u0430\u044f \u0431\u043e\u043b\u0435\u0435 20 \u043b\u0435\u0442 \u043d\u0430\u0437\u0430\u0434, \u043a\u043e\u043c\u043f\u0430\u043d\u0438\u044f \u043f\u043e\u043b\u0443\u0447\u0438\u043b\u0430 \u043f\u0440\u0438\u0437\u043d\u0430\u043d\u0438\u0435 \u0442\u0435\u0445, \u043a\u0442\u043e \u0446\u0435\u043d\u0438\u0442 \u0444\u0443\u043d\u043a\u0446\u0438\u043e\u043d\u0430\u043b\u044c\u043d\u043e\u0441\u0442\u044c \u0438 \u0440\u0430\u0431\u043e\u0442\u043e\u0441\u043f\u043e\u0441\u043e\u0431\u043d\u043e\u0441\u0442\u044c \u043f\u0440\u0438\u0431\u043e\u0440\u043e\u0432. \u041f\u0440\u043e\u0434\u0443\u043a\u0446\u0438\u044f Fenix \u043d\u0430\u0448\u043b\u0430 \u0448\u0438\u0440\u043e\u043a\u043e\u0435 \u043f\u0440\u0438\u043c\u0435\u043d\u0435\u043d\u0438\u0435 \u0432 \u0434\u043e\u043c\u0430\u0448\u043d\u0435\u043c \u043e\u0431\u0438\u0445\u043e\u0434\u0435, \u043f\u043e\u043b\u044e\u0431\u0438\u043b\u0430\u0441\u044c \u0441\u043f\u043e\u0440\u0442\u0441\u043c\u0435\u043d\u0430\u043c, \u043b\u044e\u0431\u0438\u0442\u0435\u043b\u044f\u043c \u0442\u0443\u0440\u0438\u0441\u0442\u0438\u0447\u0435\u0441\u043a\u043e\u0433\u043e \u043e\u0442\u0434\u044b\u0445\u0430 \u0438 \u0441\u043b\u0443\u0436\u0430\u0449\u0438\u043c \u0441\u043f\u0435\u0446\u0438\u0430\u043b\u044c\u043d\u044b\u0445 \u043e\u0440\u0433\u0430\u043d\u0438\u0437\u0430\u0446\u0438\u0439, \u0431\u043b\u0430\u0433\u043e\u0434\u0430\u0440\u044f \u0434\u043e\u043b\u0433\u043e\u0432\u0440\u0435\u043c\u0435\u043d\u043d\u043e\u0439 \u0440\u0430\u0431\u043e\u0442\u0435 \u0431\u0430\u0442\u0430\u0440\u0435\u0439, \u044d\u0440\u0433\u043e\u043d\u043e\u043c\u0438\u0447\u043d\u043e\u043c\u0443 \u0434\u0438\u0437\u0430\u0439\u043d\u0443 [&hellip;]\" \/>\n<meta property=\"og:url\" content=\"https:\/\/xstyle.md\/ro\/produs\/fonar-fenix-c7-led-flashlight-green\/\" \/>\n<meta property=\"og:site_name\" content=\"\u041c\u0430\u0433\u0430\u0437\u0438\u043d Xstyle\" \/>\n<meta property=\"article:publisher\" content=\"https:\/\/www.facebook.com\/xstylemd\" \/>\n<meta property=\"article:modified_time\" content=\"2026-03-13T15:20:02+00:00\" \/>\n<meta property=\"og:image\" content=\"https:\/\/xstyle.md\/wp-content\/uploads\/2026\/03\/fenix-c7-led-flashlight-green-3.webp\" \/>\n\t<meta property=\"og:image:width\" content=\"1200\" \/>\n\t<meta property=\"og:image:height\" content=\"1200\" \/>\n\t<meta property=\"og:image:type\" content=\"image\/webp\" \/>\n<meta name=\"twitter:card\" content=\"summary_large_image\" \/>\n<meta name=\"twitter:label1\" content=\"Pre\u021b\" \/>\n\t<meta name=\"twitter:data1\" content=\"1.590&nbsp;MDL\" \/>\n\t<meta name=\"twitter:label2\" content=\"Disponibilitate\" \/>\n\t<meta name=\"twitter:data2\" content=\"\u00cen stoc\" \/>\n<script type=\"application\/ld+json\" class=\"yoast-schema-graph\">{\"@context\":\"https:\\\/\\\/schema.org\",\"@graph\":[{\"@type\":\"WebPage\",\"@id\":\"https:\\\/\\\/xstyle.md\\\/product\\\/fonar-fenix-c7-led-flashlight-green\\\/\",\"url\":\"https:\\\/\\\/xstyle.md\\\/product\\\/fonar-fenix-c7-led-flashlight-green\\\/\",\"name\":\"\u0424\u043e\u043d\u0430\u0440\u044c Fenix C7 LED Flashlight green - \u041c\u0430\u0433\u0430\u0437\u0438\u043d Xstyle\",\"isPartOf\":{\"@id\":\"https:\\\/\\\/xstyle.md\\\/#website\"},\"primaryImageOfPage\":{\"@id\":\"https:\\\/\\\/xstyle.md\\\/product\\\/fonar-fenix-c7-led-flashlight-green\\\/#primaryimage\"},\"image\":{\"@id\":\"https:\\\/\\\/xstyle.md\\\/product\\\/fonar-fenix-c7-led-flashlight-green\\\/#primaryimage\"},\"thumbnailUrl\":\"https:\\\/\\\/xstyle.md\\\/wp-content\\\/uploads\\\/2026\\\/03\\\/fenix-c7-led-flashlight-green-3.webp\",\"datePublished\":\"2026-03-13T09:58:57+00:00\",\"dateModified\":\"2026-03-13T15:20:02+00:00\",\"breadcrumb\":{\"@id\":\"https:\\\/\\\/xstyle.md\\\/product\\\/fonar-fenix-c7-led-flashlight-green\\\/#breadcrumb\"},\"inLanguage\":\"ro-RO\",\"potentialAction\":[{\"@type\":\"ReadAction\",\"target\":[\"https:\\\/\\\/xstyle.md\\\/product\\\/fonar-fenix-c7-led-flashlight-green\\\/\"]}]},{\"@type\":\"ImageObject\",\"inLanguage\":\"ro-RO\",\"@id\":\"https:\\\/\\\/xstyle.md\\\/product\\\/fonar-fenix-c7-led-flashlight-green\\\/#primaryimage\",\"url\":\"https:\\\/\\\/xstyle.md\\\/wp-content\\\/uploads\\\/2026\\\/03\\\/fenix-c7-led-flashlight-green-3.webp\",\"contentUrl\":\"https:\\\/\\\/xstyle.md\\\/wp-content\\\/uploads\\\/2026\\\/03\\\/fenix-c7-led-flashlight-green-3.webp\",\"width\":1200,\"height\":1200,\"caption\":\"\u0417\u0435\u043b\u0435\u043d\u044b\u0439 \u0444\u043e\u043d\u0430\u0440\u044c Fenix C7 LED \u0434\u043b\u044f \u0430\u043a\u0442\u0438\u0432\u043d\u043e\u0433\u043e \u043e\u0442\u0434\u044b\u0445\u0430, \u043f\u043e\u0445\u043e\u0434\u043e\u0432 \u0438 \u043f\u0443\u0442\u0435\u0448\u0435\u0441\u0442\u0432\u0438\u0439 - \u043e\u0434\u0435\u0436\u0434\u0430 \u0438 \u043e\u0431\u0443\u0432\u044c \u0434\u043b\u044f \u0442\u0443\u0440\u0438\u0437\u043c\u0430, \u0430\u043b\u044c\u043f\u0438\u043d\u0438\u0437\u043c\u0430 \u0438 \u0430\u043a\u0442\u0438\u0432\u043d\u043e\u0433\u043e \u043e\u0431\u0440\u0430\u0437\u0430 \u0436\u0438\u0437\u043d\u0438\"},{\"@type\":\"BreadcrumbList\",\"@id\":\"https:\\\/\\\/xstyle.md\\\/product\\\/fonar-fenix-c7-led-flashlight-green\\\/#breadcrumb\",\"itemListElement\":[{\"@type\":\"ListItem\",\"position\":1,\"name\":\"\u0413\u043b\u0430\u0432\u043d\u0430\u044f \u0441\u0442\u0440\u0430\u043d\u0438\u0446\u0430\",\"item\":\"https:\\\/\\\/xstyle.md\\\/\"},{\"@type\":\"ListItem\",\"position\":2,\"name\":\"\u041c\u0430\u0433\u0430\u0437\u0438\u043d\",\"item\":\"https:\\\/\\\/xstyle.md\\\/shop\\\/\"},{\"@type\":\"ListItem\",\"position\":3,\"name\":\"\u0424\u043e\u043d\u0430\u0440\u044c Fenix C7 LED Flashlight green\"}]},{\"@type\":\"WebSite\",\"@id\":\"https:\\\/\\\/xstyle.md\\\/#website\",\"url\":\"https:\\\/\\\/xstyle.md\\\/\",\"name\":\"\u041c\u0430\u0433\u0430\u0437\u0438\u043d Xstyle\",\"description\":\"C\u043d\u0430\u0440\u044f\u0436\u0435\u043d\u0438\u0435 \u0434\u043b\u044f \u0442\u0443\u0440\u0438\u0437\u043c\u0430 \u0438 \u044d\u043a\u0441\u0442\u0440\u0435\u043c\u0430\u043b\u044c\u043d\u044b\u0445 \u0432\u0438\u0434\u043e\u0432 \u0441\u043f\u043e\u0440\u0442\u0430 \u0432 \u041c\u043e\u043b\u0434\u043e\u0432\u0435.. \u0426\u0435\u043d\u044b, \u0444\u043e\u0442\u043e, \u0445\u0430\u0440\u0430\u043a\u0442\u0435\u0440\u0438\u0441\u0442\u0438\u043a\u0438 \u0432 \u041c\u043e\u043b\u0434\u043e\u0432\u0435.\",\"publisher\":{\"@id\":\"https:\\\/\\\/xstyle.md\\\/#organization\"},\"alternateName\":\"X-Style\",\"potentialAction\":[{\"@type\":\"SearchAction\",\"target\":{\"@type\":\"EntryPoint\",\"urlTemplate\":\"https:\\\/\\\/xstyle.md\\\/?s={search_term_string}\"},\"query-input\":{\"@type\":\"PropertyValueSpecification\",\"valueRequired\":true,\"valueName\":\"search_term_string\"}}],\"inLanguage\":\"ro-RO\"},{\"@type\":\"Organization\",\"@id\":\"https:\\\/\\\/xstyle.md\\\/#organization\",\"name\":\"\u041c\u0430\u0433\u0430\u0437\u0438\u043d Xstyle\",\"alternateName\":\"x-style\",\"url\":\"https:\\\/\\\/xstyle.md\\\/\",\"logo\":{\"@type\":\"ImageObject\",\"inLanguage\":\"ro-RO\",\"@id\":\"https:\\\/\\\/xstyle.md\\\/#\\\/schema\\\/logo\\\/image\\\/\",\"url\":\"https:\\\/\\\/xstyle.md\\\/wp-content\\\/uploads\\\/2020\\\/06\\\/logoicon.svg\",\"contentUrl\":\"https:\\\/\\\/xstyle.md\\\/wp-content\\\/uploads\\\/2020\\\/06\\\/logoicon.svg\",\"caption\":\"\u041c\u0430\u0433\u0430\u0437\u0438\u043d Xstyle\"},\"image\":{\"@id\":\"https:\\\/\\\/xstyle.md\\\/#\\\/schema\\\/logo\\\/image\\\/\"},\"sameAs\":[\"https:\\\/\\\/www.facebook.com\\\/xstylemd\",\"https:\\\/\\\/www.instagram.com\\\/xstyle_md\\\/\",\"https:\\\/\\\/t.me\\\/xstyle_outdoor\"],\"hasMerchantReturnPolicy\":{\"@type\":\"MerchantReturnPolicy\",\"merchantReturnLink\":\"https:\\\/\\\/xstyle.md\\\/ro\\\/conditions\\\/\"}}]}<\/script>\n<meta property=\"product:price:amount\" content=\"1590.00\" \/>\n<meta property=\"product:price:currency\" content=\"MDL\" \/>\n<meta property=\"og:availability\" content=\"instock\" \/>\n<meta property=\"product:availability\" content=\"instock\" \/>\n<meta property=\"product:retailer_item_id\" content=\"6942870312699\" \/>\n<meta property=\"product:condition\" content=\"new\" \/>\n<!-- \/ Yoast SEO plugin. -->","yoast_head_json":{"title":"\u0424\u043e\u043d\u0430\u0440\u044c Fenix C7 LED Flashlight green - \u041c\u0430\u0433\u0430\u0437\u0438\u043d Xstyle","robots":{"index":"index","follow":"follow","max-snippet":"max-snippet:-1","max-image-preview":"max-image-preview:large","max-video-preview":"max-video-preview:-1"},"canonical":"https:\/\/xstyle.md\/ro\/produs\/fonar-fenix-c7-led-flashlight-green\/","og_locale":"ro_RO","og_type":"article","og_title":"\u0424\u043e\u043d\u0430\u0440\u044c Fenix C7 LED Flashlight green - \u041c\u0430\u0433\u0430\u0437\u0438\u043d Xstyle","og_description":"\u0411\u0440\u0435\u043d\u0434 Fenix \u2013 \u0432\u0435\u0434\u0443\u0449\u0438\u0439 \u0432 \u043c\u0438\u0440\u0435 \u043f\u0440\u043e\u0438\u0437\u0432\u043e\u0434\u0438\u0442\u0435\u043b\u044c \u0441\u043e\u0432\u0440\u0435\u043c\u0435\u043d\u043d\u044b\u0445 \u0444\u043e\u043d\u0430\u0440\u0435\u0439: \u0442\u0430\u043a\u0442\u0438\u0447\u0435\u0441\u043a\u0438\u0445, \u0442\u0443\u0440\u0438\u0441\u0442\u0438\u0447\u0435\u0441\u043a\u0438\u0445, \u0444\u043e\u043d\u0430\u0440\u0435\u0439-\u043f\u0440\u043e\u0436\u0435\u043a\u0442\u043e\u0440\u043e\u0432, \u0432\u0435\u043b\u043e\u0444\u0430\u0440 \u0438 \u0430\u043a\u0441\u0435\u0441\u0441\u0443\u0430\u0440\u043e\u0432 \u043a \u043d\u0438\u043c. \u041e\u0441\u043d\u043e\u0432\u0430\u043d\u043d\u0430\u044f \u0431\u043e\u043b\u0435\u0435 20 \u043b\u0435\u0442 \u043d\u0430\u0437\u0430\u0434, \u043a\u043e\u043c\u043f\u0430\u043d\u0438\u044f \u043f\u043e\u043b\u0443\u0447\u0438\u043b\u0430 \u043f\u0440\u0438\u0437\u043d\u0430\u043d\u0438\u0435 \u0442\u0435\u0445, \u043a\u0442\u043e \u0446\u0435\u043d\u0438\u0442 \u0444\u0443\u043d\u043a\u0446\u0438\u043e\u043d\u0430\u043b\u044c\u043d\u043e\u0441\u0442\u044c \u0438 \u0440\u0430\u0431\u043e\u0442\u043e\u0441\u043f\u043e\u0441\u043e\u0431\u043d\u043e\u0441\u0442\u044c \u043f\u0440\u0438\u0431\u043e\u0440\u043e\u0432. \u041f\u0440\u043e\u0434\u0443\u043a\u0446\u0438\u044f Fenix \u043d\u0430\u0448\u043b\u0430 \u0448\u0438\u0440\u043e\u043a\u043e\u0435 \u043f\u0440\u0438\u043c\u0435\u043d\u0435\u043d\u0438\u0435 \u0432 \u0434\u043e\u043c\u0430\u0448\u043d\u0435\u043c \u043e\u0431\u0438\u0445\u043e\u0434\u0435, \u043f\u043e\u043b\u044e\u0431\u0438\u043b\u0430\u0441\u044c \u0441\u043f\u043e\u0440\u0442\u0441\u043c\u0435\u043d\u0430\u043c, \u043b\u044e\u0431\u0438\u0442\u0435\u043b\u044f\u043c \u0442\u0443\u0440\u0438\u0441\u0442\u0438\u0447\u0435\u0441\u043a\u043e\u0433\u043e \u043e\u0442\u0434\u044b\u0445\u0430 \u0438 \u0441\u043b\u0443\u0436\u0430\u0449\u0438\u043c \u0441\u043f\u0435\u0446\u0438\u0430\u043b\u044c\u043d\u044b\u0445 \u043e\u0440\u0433\u0430\u043d\u0438\u0437\u0430\u0446\u0438\u0439, \u0431\u043b\u0430\u0433\u043e\u0434\u0430\u0440\u044f \u0434\u043e\u043b\u0433\u043e\u0432\u0440\u0435\u043c\u0435\u043d\u043d\u043e\u0439 \u0440\u0430\u0431\u043e\u0442\u0435 \u0431\u0430\u0442\u0430\u0440\u0435\u0439, \u044d\u0440\u0433\u043e\u043d\u043e\u043c\u0438\u0447\u043d\u043e\u043c\u0443 \u0434\u0438\u0437\u0430\u0439\u043d\u0443 [&hellip;]","og_url":"https:\/\/xstyle.md\/ro\/produs\/fonar-fenix-c7-led-flashlight-green\/","og_site_name":"\u041c\u0430\u0433\u0430\u0437\u0438\u043d Xstyle","article_publisher":"https:\/\/www.facebook.com\/xstylemd","article_modified_time":"2026-03-13T15:20:02+00:00","og_image":[{"width":1200,"height":1200,"url":"https:\/\/xstyle.md\/wp-content\/uploads\/2026\/03\/fenix-c7-led-flashlight-green-3.webp","type":"image\/webp"}],"twitter_card":"summary_large_image","twitter_misc":{"Pre\u021b":"1.590&nbsp;MDL","Disponibilitate":"\u00cen stoc"},"schema":{"@context":"https:\/\/schema.org","@graph":[{"@type":"WebPage","@id":"https:\/\/xstyle.md\/product\/fonar-fenix-c7-led-flashlight-green\/","url":"https:\/\/xstyle.md\/product\/fonar-fenix-c7-led-flashlight-green\/","name":"\u0424\u043e\u043d\u0430\u0440\u044c Fenix C7 LED Flashlight green - \u041c\u0430\u0433\u0430\u0437\u0438\u043d Xstyle","isPartOf":{"@id":"https:\/\/xstyle.md\/#website"},"primaryImageOfPage":{"@id":"https:\/\/xstyle.md\/product\/fonar-fenix-c7-led-flashlight-green\/#primaryimage"},"image":{"@id":"https:\/\/xstyle.md\/product\/fonar-fenix-c7-led-flashlight-green\/#primaryimage"},"thumbnailUrl":"https:\/\/xstyle.md\/wp-content\/uploads\/2026\/03\/fenix-c7-led-flashlight-green-3.webp","datePublished":"2026-03-13T09:58:57+00:00","dateModified":"2026-03-13T15:20:02+00:00","breadcrumb":{"@id":"https:\/\/xstyle.md\/product\/fonar-fenix-c7-led-flashlight-green\/#breadcrumb"},"inLanguage":"ro-RO","potentialAction":[{"@type":"ReadAction","target":["https:\/\/xstyle.md\/product\/fonar-fenix-c7-led-flashlight-green\/"]}]},{"@type":"ImageObject","inLanguage":"ro-RO","@id":"https:\/\/xstyle.md\/product\/fonar-fenix-c7-led-flashlight-green\/#primaryimage","url":"https:\/\/xstyle.md\/wp-content\/uploads\/2026\/03\/fenix-c7-led-flashlight-green-3.webp","contentUrl":"https:\/\/xstyle.md\/wp-content\/uploads\/2026\/03\/fenix-c7-led-flashlight-green-3.webp","width":1200,"height":1200,"caption":"\u0417\u0435\u043b\u0435\u043d\u044b\u0439 \u0444\u043e\u043d\u0430\u0440\u044c Fenix C7 LED \u0434\u043b\u044f \u0430\u043a\u0442\u0438\u0432\u043d\u043e\u0433\u043e \u043e\u0442\u0434\u044b\u0445\u0430, \u043f\u043e\u0445\u043e\u0434\u043e\u0432 \u0438 \u043f\u0443\u0442\u0435\u0448\u0435\u0441\u0442\u0432\u0438\u0439 - \u043e\u0434\u0435\u0436\u0434\u0430 \u0438 \u043e\u0431\u0443\u0432\u044c \u0434\u043b\u044f \u0442\u0443\u0440\u0438\u0437\u043c\u0430, \u0430\u043b\u044c\u043f\u0438\u043d\u0438\u0437\u043c\u0430 \u0438 \u0430\u043a\u0442\u0438\u0432\u043d\u043e\u0433\u043e \u043e\u0431\u0440\u0430\u0437\u0430 \u0436\u0438\u0437\u043d\u0438"},{"@type":"BreadcrumbList","@id":"https:\/\/xstyle.md\/product\/fonar-fenix-c7-led-flashlight-green\/#breadcrumb","itemListElement":[{"@type":"ListItem","position":1,"name":"\u0413\u043b\u0430\u0432\u043d\u0430\u044f \u0441\u0442\u0440\u0430\u043d\u0438\u0446\u0430","item":"https:\/\/xstyle.md\/"},{"@type":"ListItem","position":2,"name":"\u041c\u0430\u0433\u0430\u0437\u0438\u043d","item":"https:\/\/xstyle.md\/shop\/"},{"@type":"ListItem","position":3,"name":"\u0424\u043e\u043d\u0430\u0440\u044c Fenix C7 LED Flashlight green"}]},{"@type":"WebSite","@id":"https:\/\/xstyle.md\/#website","url":"https:\/\/xstyle.md\/","name":"Magazinul X-Style","description":"Echipamente pentru turism \u0219i sporturi extreme \u00een Moldova. Pre\u021buri, fotografii, caracteristici \u00een Moldova.","publisher":{"@id":"https:\/\/xstyle.md\/#organization"},"alternateName":"X-Style","potentialAction":[{"@type":"SearchAction","target":{"@type":"EntryPoint","urlTemplate":"https:\/\/xstyle.md\/?s={search_term_string}"},"query-input":{"@type":"PropertyValueSpecification","valueRequired":true,"valueName":"search_term_string"}}],"inLanguage":"ro-RO"},{"@type":"Organization","@id":"https:\/\/xstyle.md\/#organization","name":"Magazinul X-Style","alternateName":"x-style","url":"https:\/\/xstyle.md\/","logo":{"@type":"ImageObject","inLanguage":"ro-RO","@id":"https:\/\/xstyle.md\/#\/schema\/logo\/image\/","url":"https:\/\/xstyle.md\/wp-content\/uploads\/2020\/06\/logoicon.svg","contentUrl":"https:\/\/xstyle.md\/wp-content\/uploads\/2020\/06\/logoicon.svg","caption":"\u041c\u0430\u0433\u0430\u0437\u0438\u043d Xstyle"},"image":{"@id":"https:\/\/xstyle.md\/#\/schema\/logo\/image\/"},"sameAs":["https:\/\/www.facebook.com\/xstylemd","https:\/\/www.instagram.com\/xstyle_md\/","https:\/\/t.me\/xstyle_outdoor"],"hasMerchantReturnPolicy":{"@type":"MerchantReturnPolicy","merchantReturnLink":"https:\/\/xstyle.md\/ro\/conditions\/"}}]},"product_price_amount":"1590.00","product_price_currency":"MDL","og_availability":"instock","product_availability":"instock","product_retailer_item_id":"6942870312699","product_condition":"new"},"post_mailing_queue_ids":[],"_links":{"self":[{"href":"https:\/\/xstyle.md\/ro\/wp-json\/wp\/v2\/product\/103288","targetHints":{"allow":["GET"]}}],"collection":[{"href":"https:\/\/xstyle.md\/ro\/wp-json\/wp\/v2\/product"}],"about":[{"href":"https:\/\/xstyle.md\/ro\/wp-json\/wp\/v2\/types\/product"}],"replies":[{"embeddable":true,"href":"https:\/\/xstyle.md\/ro\/wp-json\/wp\/v2\/comments?post=103288"}],"wp:featuredmedia":[{"embeddable":true,"href":"https:\/\/xstyle.md\/ro\/wp-json\/wp\/v2\/media\/103420"}],"wp:attachment":[{"href":"https:\/\/xstyle.md\/ro\/wp-json\/wp\/v2\/media?parent=103288"}],"wp:term":[{"taxonomy":"product_brand","embeddable":true,"href":"https:\/\/xstyle.md\/ro\/wp-json\/wp\/v2\/product_brand?post=103288"},{"taxonomy":"product_cat","embeddable":true,"href":"https:\/\/xstyle.md\/ro\/wp-json\/wp\/v2\/product_cat?post=103288"},{"taxonomy":"product_tag","embeddable":true,"href":"https:\/\/xstyle.md\/ro\/wp-json\/wp\/v2\/product_tag?post=103288"}],"curies":[{"name":"wp","href":"https:\/\/api.w.org\/{rel}","templated":true}]}}