{"id":100451,"date":"2026-02-03T12:08:26","date_gmt":"2026-02-03T09:08:26","guid":{"rendered":"https:\/\/xstyle.md\/?post_type=product&#038;p=100451"},"modified":"2026-02-23T15:56:20","modified_gmt":"2026-02-23T12:56:20","slug":"nozh-kershaw-covalent","status":"publish","type":"product","link":"https:\/\/xstyle.md\/ro\/produs\/nozh-kershaw-covalent\/","title":{"rendered":"Cu\u021bit Kershaw Covalent"},"content":{"rendered":"<p><\/p>\n<p><strong>Cu\u021bit Kershaw Covalent<\/strong> &#8212; este un cu\u021bit pliabil compact de tip EDC, conceput pentru sarcinile urbane cotidiene. Este u\u0219or, comod de purtat \u00een buzunar \u0219i are un design modern \u0219i laconic.<\/p>\n<p>Lama de tip spear-point, fabricat\u0103 din o\u021bel D2 cu finisaj blackwash, se deschide prin flipper \u0219i func\u021bioneaz\u0103 fluid datorit\u0103 rulmen\u021bilor KVT. Pe partea superioar\u0103 a lamei (falsul t\u0103i\u0219\/coama) exist\u0103 o rizura (jimping) pentru un control precis. Fixarea se face prin mecanismul Crossbar Lock, fiind la fel de confortabil at\u00e2t pentru dreptaci, c\u00e2t \u0219i pentru st\u00e2ngaci.<\/p>\n<p>M\u00e2nerul din GFN (nailon ranforsat cu fibr\u0103 de sticl\u0103) este durabil, u\u0219or \u0219i aderent, fiind dotat cu gard\u0103 de protec\u021bie, orificiu pentru \u0219nur \u0219i un clip din o\u021bel pentru purtare ad\u00e2nc\u0103. O\u021belul D2 asigur\u0103 o t\u0103iere excelent\u0103 \u0219i rezisten\u021b\u0103 la uzur\u0103, av\u00e2nd o rezisten\u021b\u0103 decent\u0103 la coroziune.<\/p>\n<h3>Caracteristici<\/h3>\n<ul>\n<li>Tip cu\u021bit &#8212; pliabil<\/li>\n<li>Tip t\u0103i\u0219 &#8212; standard (plain edge)<\/li>\n<li>Tip blocare &#8212; crossbar Lock<\/li>\n<li>Lungime total\u0103 &#8212; 19,3 cm<\/li>\n<li>Lungime lam\u0103 &#8212; 8,1 cm<\/li>\n<li>Material m\u00e2ner &#8212; GFN<\/li>\n<li>Duritate o\u021bel &#8212; 60 HRC<\/li>\n<li>Marc\u0103 o\u021bel &#8212; D2<\/li>\n<li>Greutate &#8212; 79 g<\/li>\n<\/ul>\n<p><\/p>\n<h3>Marca<\/h3>\n<p>Kershaw - este un brand american extrem de popular, cunoscut pentru inova\u021biile sale tehnologice \u0219i colabor\u0103rile cu designeri de renume (precum Ken Onion). Brandul a revolu\u021bionat pia\u021ba prin introducerea mecanismului de deschidere asistat\u0103 SpeedSafe, care permite deschiderea rapid\u0103 \u0219i sigur\u0103 a cu\u021bitului cu o singur\u0103 m\u00e2n\u0103. Kershaw ofer\u0103 o gam\u0103 vast\u0103 de produse, de la cu\u021bite EDC accesibile p\u00e2n\u0103 la modele premiate, fiind apreciat pentru raportul excelent \u00eentre pre\u021b, performan\u021b\u0103 \u0219i calitatea finisajelor.<\/p>","protected":false},"excerpt":{"rendered":"<p>\u0411\u0440\u0435\u043d\u0434 Kershaw \u2014 \u044d\u0442\u043e \u0447\u0440\u0435\u0437\u0432\u044b\u0447\u0430\u0439\u043d\u043e \u043f\u043e\u043f\u0443\u043b\u044f\u0440\u043d\u044b\u0439 \u0430\u043c\u0435\u0440\u0438\u043a\u0430\u043d\u0441\u043a\u0438\u0439 \u0431\u0440\u0435\u043d\u0434, \u0438\u0437\u0432\u0435\u0441\u0442\u043d\u044b\u0439 \u0441\u0432\u043e\u0438\u043c\u0438 \u0442\u0435\u0445\u043d\u043e\u043b\u043e\u0433\u0438\u0447\u0435\u0441\u043a\u0438\u043c\u0438 \u0438\u043d\u043d\u043e\u0432\u0430\u0446\u0438\u044f\u043c\u0438 \u0438 \u0441\u043e\u0442\u0440\u0443\u0434\u043d\u0438\u0447\u0435\u0441\u0442\u0432\u043e\u043c \u0441 \u043b\u0435\u0433\u0435\u043d\u0434\u0430\u0440\u043d\u044b\u043c\u0438 \u0434\u0438\u0437\u0430\u0439\u043d\u0435\u0440\u0430\u043c\u0438. \u0411\u0440\u0435\u043d\u0434 \u0441\u043e\u0432\u0435\u0440\u0448\u0438\u043b \u0440\u0435\u0432\u043e\u043b\u044e\u0446\u0438\u044e \u043d\u0430 \u0440\u044b\u043d\u043a\u0435, \u043f\u0440\u0435\u0434\u0441\u0442\u0430\u0432\u0438\u0432 \u0441\u0438\u0441\u0442\u0435\u043c\u0443 \u0432\u0441\u043f\u043e\u043c\u043e\u0433\u0430\u0442\u0435\u043b\u044c\u043d\u043e\u0433\u043e \u043e\u0442\u043a\u0440\u044b\u0432\u0430\u043d\u0438\u044f SpeedSafe, \u043a\u043e\u0442\u043e\u0440\u0430\u044f \u043f\u043e\u0437\u0432\u043e\u043b\u044f\u0435\u0442 \u0431\u044b\u0441\u0442\u0440\u043e \u0438 \u0431\u0435\u0437\u043e\u043f\u0430\u0441\u043d\u043e \u043e\u0442\u043a\u0440\u044b\u0442\u044c \u043d\u043e\u0436 \u043e\u0434\u043d\u043e\u0439 \u0440\u0443\u043a\u043e\u0439. Kershaw \u043f\u0440\u0435\u0434\u043b\u0430\u0433\u0430\u0435\u0442 \u0448\u0438\u0440\u043e\u043a\u0438\u0439 \u0430\u0441\u0441\u043e\u0440\u0442\u0438\u043c\u0435\u043d\u0442 \u043f\u0440\u043e\u0434\u0443\u043a\u0446\u0438\u0438: \u043e\u0442 \u0434\u043e\u0441\u0442\u0443\u043f\u043d\u044b\u0445 \u043d\u043e\u0436\u0435\u0439 \u0434\u043b\u044f \u043f\u043e\u0432\u0441\u0435\u0434\u043d\u0435\u0432\u043d\u043e\u0433\u043e \u043d\u043e\u0448\u0435\u043d\u0438\u044f (EDC) \u0434\u043e \u043c\u043e\u0434\u0435\u043b\u0435\u0439, \u0437\u0430\u0432\u043e\u0435\u0432\u0430\u0432\u0448\u0438\u0445 \u043f\u0440\u0435\u0441\u0442\u0438\u0436\u043d\u044b\u0435 \u043d\u0430\u0433\u0440\u0430\u0434\u044b, \u0438 \u0446\u0435\u043d\u0438\u0442\u0441\u044f [&hellip;]<\/p>\n","protected":false},"featured_media":100460,"comment_status":"open","ping_status":"closed","template":"","meta":{"_acf_changed":false,"inline_featured_image":false},"product_brand":[1516],"product_cat":[169],"product_tag":[],"class_list":{"0":"post-100451","1":"product","2":"type-product","3":"status-publish","4":"has-post-thumbnail","6":"product_brand-kershaw","7":"product_cat-knives","9":"first","10":"instock","11":"shipping-taxable","12":"purchasable","13":"product-type-simple"},"acf":[],"yoast_head":"<!-- This site is optimized with the Yoast SEO plugin v27.4 - https:\/\/yoast.com\/product\/yoast-seo-wordpress\/ -->\n<title>\u041d\u043e\u0436 Kershaw Covalent - \u041c\u0430\u0433\u0430\u0437\u0438\u043d Xstyle<\/title>\n<meta name=\"robots\" content=\"index, follow, max-snippet:-1, max-image-preview:large, max-video-preview:-1\" \/>\n<link rel=\"canonical\" href=\"https:\/\/xstyle.md\/ro\/produs\/nozh-kershaw-covalent\/\" \/>\n<meta property=\"og:locale\" content=\"ro_RO\" \/>\n<meta property=\"og:type\" content=\"article\" \/>\n<meta property=\"og:title\" content=\"\u041d\u043e\u0436 Kershaw Covalent - \u041c\u0430\u0433\u0430\u0437\u0438\u043d Xstyle\" \/>\n<meta property=\"og:description\" content=\"\u0411\u0440\u0435\u043d\u0434 Kershaw \u2014 \u044d\u0442\u043e \u0447\u0440\u0435\u0437\u0432\u044b\u0447\u0430\u0439\u043d\u043e \u043f\u043e\u043f\u0443\u043b\u044f\u0440\u043d\u044b\u0439 \u0430\u043c\u0435\u0440\u0438\u043a\u0430\u043d\u0441\u043a\u0438\u0439 \u0431\u0440\u0435\u043d\u0434, \u0438\u0437\u0432\u0435\u0441\u0442\u043d\u044b\u0439 \u0441\u0432\u043e\u0438\u043c\u0438 \u0442\u0435\u0445\u043d\u043e\u043b\u043e\u0433\u0438\u0447\u0435\u0441\u043a\u0438\u043c\u0438 \u0438\u043d\u043d\u043e\u0432\u0430\u0446\u0438\u044f\u043c\u0438 \u0438 \u0441\u043e\u0442\u0440\u0443\u0434\u043d\u0438\u0447\u0435\u0441\u0442\u0432\u043e\u043c \u0441 \u043b\u0435\u0433\u0435\u043d\u0434\u0430\u0440\u043d\u044b\u043c\u0438 \u0434\u0438\u0437\u0430\u0439\u043d\u0435\u0440\u0430\u043c\u0438. \u0411\u0440\u0435\u043d\u0434 \u0441\u043e\u0432\u0435\u0440\u0448\u0438\u043b \u0440\u0435\u0432\u043e\u043b\u044e\u0446\u0438\u044e \u043d\u0430 \u0440\u044b\u043d\u043a\u0435, \u043f\u0440\u0435\u0434\u0441\u0442\u0430\u0432\u0438\u0432 \u0441\u0438\u0441\u0442\u0435\u043c\u0443 \u0432\u0441\u043f\u043e\u043c\u043e\u0433\u0430\u0442\u0435\u043b\u044c\u043d\u043e\u0433\u043e \u043e\u0442\u043a\u0440\u044b\u0432\u0430\u043d\u0438\u044f SpeedSafe, \u043a\u043e\u0442\u043e\u0440\u0430\u044f \u043f\u043e\u0437\u0432\u043e\u043b\u044f\u0435\u0442 \u0431\u044b\u0441\u0442\u0440\u043e \u0438 \u0431\u0435\u0437\u043e\u043f\u0430\u0441\u043d\u043e \u043e\u0442\u043a\u0440\u044b\u0442\u044c \u043d\u043e\u0436 \u043e\u0434\u043d\u043e\u0439 \u0440\u0443\u043a\u043e\u0439. Kershaw \u043f\u0440\u0435\u0434\u043b\u0430\u0433\u0430\u0435\u0442 \u0448\u0438\u0440\u043e\u043a\u0438\u0439 \u0430\u0441\u0441\u043e\u0440\u0442\u0438\u043c\u0435\u043d\u0442 \u043f\u0440\u043e\u0434\u0443\u043a\u0446\u0438\u0438: \u043e\u0442 \u0434\u043e\u0441\u0442\u0443\u043f\u043d\u044b\u0445 \u043d\u043e\u0436\u0435\u0439 \u0434\u043b\u044f \u043f\u043e\u0432\u0441\u0435\u0434\u043d\u0435\u0432\u043d\u043e\u0433\u043e \u043d\u043e\u0448\u0435\u043d\u0438\u044f (EDC) \u0434\u043e \u043c\u043e\u0434\u0435\u043b\u0435\u0439, \u0437\u0430\u0432\u043e\u0435\u0432\u0430\u0432\u0448\u0438\u0445 \u043f\u0440\u0435\u0441\u0442\u0438\u0436\u043d\u044b\u0435 \u043d\u0430\u0433\u0440\u0430\u0434\u044b, \u0438 \u0446\u0435\u043d\u0438\u0442\u0441\u044f [&hellip;]\" \/>\n<meta property=\"og:url\" content=\"https:\/\/xstyle.md\/ro\/produs\/nozh-kershaw-covalent\/\" \/>\n<meta property=\"og:site_name\" content=\"\u041c\u0430\u0433\u0430\u0437\u0438\u043d Xstyle\" \/>\n<meta property=\"article:publisher\" content=\"https:\/\/www.facebook.com\/xstylemd\" \/>\n<meta property=\"article:modified_time\" content=\"2026-02-23T12:56:20+00:00\" \/>\n<meta property=\"og:image\" content=\"https:\/\/xstyle.md\/wp-content\/uploads\/2026\/02\/kershaw-covalent.webp\" \/>\n\t<meta property=\"og:image:width\" content=\"2048\" \/>\n\t<meta property=\"og:image:height\" content=\"2048\" \/>\n\t<meta property=\"og:image:type\" content=\"image\/webp\" \/>\n<meta name=\"twitter:card\" content=\"summary_large_image\" \/>\n<meta name=\"twitter:label1\" content=\"Pre\u021b\" \/>\n\t<meta name=\"twitter:data1\" content=\"2.190&nbsp;MDL\" \/>\n\t<meta name=\"twitter:label2\" content=\"Disponibilitate\" \/>\n\t<meta name=\"twitter:data2\" content=\"\u00cen stoc\" \/>\n<script type=\"application\/ld+json\" class=\"yoast-schema-graph\">{\"@context\":\"https:\\\/\\\/schema.org\",\"@graph\":[{\"@type\":\"WebPage\",\"@id\":\"https:\\\/\\\/xstyle.md\\\/product\\\/nozh-kershaw-covalent\\\/\",\"url\":\"https:\\\/\\\/xstyle.md\\\/product\\\/nozh-kershaw-covalent\\\/\",\"name\":\"\u041d\u043e\u0436 Kershaw Covalent - \u041c\u0430\u0433\u0430\u0437\u0438\u043d Xstyle\",\"isPartOf\":{\"@id\":\"https:\\\/\\\/xstyle.md\\\/#website\"},\"primaryImageOfPage\":{\"@id\":\"https:\\\/\\\/xstyle.md\\\/product\\\/nozh-kershaw-covalent\\\/#primaryimage\"},\"image\":{\"@id\":\"https:\\\/\\\/xstyle.md\\\/product\\\/nozh-kershaw-covalent\\\/#primaryimage\"},\"thumbnailUrl\":\"https:\\\/\\\/xstyle.md\\\/wp-content\\\/uploads\\\/2026\\\/02\\\/kershaw-covalent.webp\",\"datePublished\":\"2026-02-03T09:08:26+00:00\",\"dateModified\":\"2026-02-23T12:56:20+00:00\",\"breadcrumb\":{\"@id\":\"https:\\\/\\\/xstyle.md\\\/product\\\/nozh-kershaw-covalent\\\/#breadcrumb\"},\"inLanguage\":\"ro-RO\",\"potentialAction\":[{\"@type\":\"ReadAction\",\"target\":[\"https:\\\/\\\/xstyle.md\\\/product\\\/nozh-kershaw-covalent\\\/\"]}]},{\"@type\":\"ImageObject\",\"inLanguage\":\"ro-RO\",\"@id\":\"https:\\\/\\\/xstyle.md\\\/product\\\/nozh-kershaw-covalent\\\/#primaryimage\",\"url\":\"https:\\\/\\\/xstyle.md\\\/wp-content\\\/uploads\\\/2026\\\/02\\\/kershaw-covalent.webp\",\"contentUrl\":\"https:\\\/\\\/xstyle.md\\\/wp-content\\\/uploads\\\/2026\\\/02\\\/kershaw-covalent.webp\",\"width\":2048,\"height\":2048,\"caption\":\"\u0422\u0430\u043c\u043e\u0436\u0435\u043d\u043d\u044b\u0435 \u043d\u043e\u0436\u0438 Kershaw Covalent \u0434\u043b\u044f \u0430\u043a\u0442\u0438\u0432\u043d\u043e\u0433\u043e \u043e\u0442\u0434\u044b\u0445\u0430, \u043f\u043e\u0445\u043e\u0434\u043e\u0432, \u043f\u0443\u0442\u0435\u0448\u0435\u0441\u0442\u0432\u0438\u0439 \u0438 \u0442\u0440\u0435\u043a\u0438\u043d\u0433\u0430 \u0432 \u0438\u043d\u0442\u0435\u0440\u043d\u0435\u0442-\u043c\u0430\u0433\u0430\u0437\u0438\u043d\u0435 \u0442\u043e\u0432\u0430\u0440\u043e\u0432 \u0434\u043b\u044f \u0430\u043a\u0442\u0438\u0432\u043d\u043e\u0433\u043e \u043e\u0431\u0440\u0430\u0437\u0430 \u0436\u0438\u0437\u043d\u0438\"},{\"@type\":\"BreadcrumbList\",\"@id\":\"https:\\\/\\\/xstyle.md\\\/product\\\/nozh-kershaw-covalent\\\/#breadcrumb\",\"itemListElement\":[{\"@type\":\"ListItem\",\"position\":1,\"name\":\"\u0413\u043b\u0430\u0432\u043d\u0430\u044f \u0441\u0442\u0440\u0430\u043d\u0438\u0446\u0430\",\"item\":\"https:\\\/\\\/xstyle.md\\\/\"},{\"@type\":\"ListItem\",\"position\":2,\"name\":\"\u041c\u0430\u0433\u0430\u0437\u0438\u043d\",\"item\":\"https:\\\/\\\/xstyle.md\\\/shop\\\/\"},{\"@type\":\"ListItem\",\"position\":3,\"name\":\"\u041d\u043e\u0436 Kershaw Covalent\"}]},{\"@type\":\"WebSite\",\"@id\":\"https:\\\/\\\/xstyle.md\\\/#website\",\"url\":\"https:\\\/\\\/xstyle.md\\\/\",\"name\":\"\u041c\u0430\u0433\u0430\u0437\u0438\u043d Xstyle\",\"description\":\"C\u043d\u0430\u0440\u044f\u0436\u0435\u043d\u0438\u0435 \u0434\u043b\u044f \u0442\u0443\u0440\u0438\u0437\u043c\u0430 \u0438 \u044d\u043a\u0441\u0442\u0440\u0435\u043c\u0430\u043b\u044c\u043d\u044b\u0445 \u0432\u0438\u0434\u043e\u0432 \u0441\u043f\u043e\u0440\u0442\u0430 \u0432 \u041c\u043e\u043b\u0434\u043e\u0432\u0435.. \u0426\u0435\u043d\u044b, \u0444\u043e\u0442\u043e, \u0445\u0430\u0440\u0430\u043a\u0442\u0435\u0440\u0438\u0441\u0442\u0438\u043a\u0438 \u0432 \u041c\u043e\u043b\u0434\u043e\u0432\u0435.\",\"publisher\":{\"@id\":\"https:\\\/\\\/xstyle.md\\\/#organization\"},\"alternateName\":\"X-Style\",\"potentialAction\":[{\"@type\":\"SearchAction\",\"target\":{\"@type\":\"EntryPoint\",\"urlTemplate\":\"https:\\\/\\\/xstyle.md\\\/?s={search_term_string}\"},\"query-input\":{\"@type\":\"PropertyValueSpecification\",\"valueRequired\":true,\"valueName\":\"search_term_string\"}}],\"inLanguage\":\"ro-RO\"},{\"@type\":\"Organization\",\"@id\":\"https:\\\/\\\/xstyle.md\\\/#organization\",\"name\":\"\u041c\u0430\u0433\u0430\u0437\u0438\u043d Xstyle\",\"alternateName\":\"x-style\",\"url\":\"https:\\\/\\\/xstyle.md\\\/\",\"logo\":{\"@type\":\"ImageObject\",\"inLanguage\":\"ro-RO\",\"@id\":\"https:\\\/\\\/xstyle.md\\\/#\\\/schema\\\/logo\\\/image\\\/\",\"url\":\"https:\\\/\\\/xstyle.md\\\/wp-content\\\/uploads\\\/2020\\\/06\\\/logoicon.svg\",\"contentUrl\":\"https:\\\/\\\/xstyle.md\\\/wp-content\\\/uploads\\\/2020\\\/06\\\/logoicon.svg\",\"caption\":\"\u041c\u0430\u0433\u0430\u0437\u0438\u043d Xstyle\"},\"image\":{\"@id\":\"https:\\\/\\\/xstyle.md\\\/#\\\/schema\\\/logo\\\/image\\\/\"},\"sameAs\":[\"https:\\\/\\\/www.facebook.com\\\/xstylemd\",\"https:\\\/\\\/www.instagram.com\\\/xstyle_md\\\/\",\"https:\\\/\\\/t.me\\\/xstyle_outdoor\"],\"hasMerchantReturnPolicy\":{\"@type\":\"MerchantReturnPolicy\",\"merchantReturnLink\":\"https:\\\/\\\/xstyle.md\\\/ro\\\/conditions\\\/\"}}]}<\/script>\n<meta property=\"product:price:amount\" content=\"2190.00\" \/>\n<meta property=\"product:price:currency\" content=\"MDL\" \/>\n<meta property=\"og:availability\" content=\"instock\" \/>\n<meta property=\"product:availability\" content=\"instock\" \/>\n<meta property=\"product:retailer_item_id\" content=\"4045011265464\" \/>\n<meta property=\"product:condition\" content=\"new\" \/>\n<!-- \/ Yoast SEO plugin. -->","yoast_head_json":{"title":"\u041d\u043e\u0436 Kershaw Covalent - \u041c\u0430\u0433\u0430\u0437\u0438\u043d Xstyle","robots":{"index":"index","follow":"follow","max-snippet":"max-snippet:-1","max-image-preview":"max-image-preview:large","max-video-preview":"max-video-preview:-1"},"canonical":"https:\/\/xstyle.md\/ro\/produs\/nozh-kershaw-covalent\/","og_locale":"ro_RO","og_type":"article","og_title":"\u041d\u043e\u0436 Kershaw Covalent - \u041c\u0430\u0433\u0430\u0437\u0438\u043d Xstyle","og_description":"\u0411\u0440\u0435\u043d\u0434 Kershaw \u2014 \u044d\u0442\u043e \u0447\u0440\u0435\u0437\u0432\u044b\u0447\u0430\u0439\u043d\u043e \u043f\u043e\u043f\u0443\u043b\u044f\u0440\u043d\u044b\u0439 \u0430\u043c\u0435\u0440\u0438\u043a\u0430\u043d\u0441\u043a\u0438\u0439 \u0431\u0440\u0435\u043d\u0434, \u0438\u0437\u0432\u0435\u0441\u0442\u043d\u044b\u0439 \u0441\u0432\u043e\u0438\u043c\u0438 \u0442\u0435\u0445\u043d\u043e\u043b\u043e\u0433\u0438\u0447\u0435\u0441\u043a\u0438\u043c\u0438 \u0438\u043d\u043d\u043e\u0432\u0430\u0446\u0438\u044f\u043c\u0438 \u0438 \u0441\u043e\u0442\u0440\u0443\u0434\u043d\u0438\u0447\u0435\u0441\u0442\u0432\u043e\u043c \u0441 \u043b\u0435\u0433\u0435\u043d\u0434\u0430\u0440\u043d\u044b\u043c\u0438 \u0434\u0438\u0437\u0430\u0439\u043d\u0435\u0440\u0430\u043c\u0438. \u0411\u0440\u0435\u043d\u0434 \u0441\u043e\u0432\u0435\u0440\u0448\u0438\u043b \u0440\u0435\u0432\u043e\u043b\u044e\u0446\u0438\u044e \u043d\u0430 \u0440\u044b\u043d\u043a\u0435, \u043f\u0440\u0435\u0434\u0441\u0442\u0430\u0432\u0438\u0432 \u0441\u0438\u0441\u0442\u0435\u043c\u0443 \u0432\u0441\u043f\u043e\u043c\u043e\u0433\u0430\u0442\u0435\u043b\u044c\u043d\u043e\u0433\u043e \u043e\u0442\u043a\u0440\u044b\u0432\u0430\u043d\u0438\u044f SpeedSafe, \u043a\u043e\u0442\u043e\u0440\u0430\u044f \u043f\u043e\u0437\u0432\u043e\u043b\u044f\u0435\u0442 \u0431\u044b\u0441\u0442\u0440\u043e \u0438 \u0431\u0435\u0437\u043e\u043f\u0430\u0441\u043d\u043e \u043e\u0442\u043a\u0440\u044b\u0442\u044c \u043d\u043e\u0436 \u043e\u0434\u043d\u043e\u0439 \u0440\u0443\u043a\u043e\u0439. Kershaw \u043f\u0440\u0435\u0434\u043b\u0430\u0433\u0430\u0435\u0442 \u0448\u0438\u0440\u043e\u043a\u0438\u0439 \u0430\u0441\u0441\u043e\u0440\u0442\u0438\u043c\u0435\u043d\u0442 \u043f\u0440\u043e\u0434\u0443\u043a\u0446\u0438\u0438: \u043e\u0442 \u0434\u043e\u0441\u0442\u0443\u043f\u043d\u044b\u0445 \u043d\u043e\u0436\u0435\u0439 \u0434\u043b\u044f \u043f\u043e\u0432\u0441\u0435\u0434\u043d\u0435\u0432\u043d\u043e\u0433\u043e \u043d\u043e\u0448\u0435\u043d\u0438\u044f (EDC) \u0434\u043e \u043c\u043e\u0434\u0435\u043b\u0435\u0439, \u0437\u0430\u0432\u043e\u0435\u0432\u0430\u0432\u0448\u0438\u0445 \u043f\u0440\u0435\u0441\u0442\u0438\u0436\u043d\u044b\u0435 \u043d\u0430\u0433\u0440\u0430\u0434\u044b, \u0438 \u0446\u0435\u043d\u0438\u0442\u0441\u044f [&hellip;]","og_url":"https:\/\/xstyle.md\/ro\/produs\/nozh-kershaw-covalent\/","og_site_name":"\u041c\u0430\u0433\u0430\u0437\u0438\u043d Xstyle","article_publisher":"https:\/\/www.facebook.com\/xstylemd","article_modified_time":"2026-02-23T12:56:20+00:00","og_image":[{"width":2048,"height":2048,"url":"https:\/\/xstyle.md\/wp-content\/uploads\/2026\/02\/kershaw-covalent.webp","type":"image\/webp"}],"twitter_card":"summary_large_image","twitter_misc":{"Pre\u021b":"2.190&nbsp;MDL","Disponibilitate":"\u00cen stoc"},"schema":{"@context":"https:\/\/schema.org","@graph":[{"@type":"WebPage","@id":"https:\/\/xstyle.md\/product\/nozh-kershaw-covalent\/","url":"https:\/\/xstyle.md\/product\/nozh-kershaw-covalent\/","name":"\u041d\u043e\u0436 Kershaw Covalent - \u041c\u0430\u0433\u0430\u0437\u0438\u043d Xstyle","isPartOf":{"@id":"https:\/\/xstyle.md\/#website"},"primaryImageOfPage":{"@id":"https:\/\/xstyle.md\/product\/nozh-kershaw-covalent\/#primaryimage"},"image":{"@id":"https:\/\/xstyle.md\/product\/nozh-kershaw-covalent\/#primaryimage"},"thumbnailUrl":"https:\/\/xstyle.md\/wp-content\/uploads\/2026\/02\/kershaw-covalent.webp","datePublished":"2026-02-03T09:08:26+00:00","dateModified":"2026-02-23T12:56:20+00:00","breadcrumb":{"@id":"https:\/\/xstyle.md\/product\/nozh-kershaw-covalent\/#breadcrumb"},"inLanguage":"ro-RO","potentialAction":[{"@type":"ReadAction","target":["https:\/\/xstyle.md\/product\/nozh-kershaw-covalent\/"]}]},{"@type":"ImageObject","inLanguage":"ro-RO","@id":"https:\/\/xstyle.md\/product\/nozh-kershaw-covalent\/#primaryimage","url":"https:\/\/xstyle.md\/wp-content\/uploads\/2026\/02\/kershaw-covalent.webp","contentUrl":"https:\/\/xstyle.md\/wp-content\/uploads\/2026\/02\/kershaw-covalent.webp","width":2048,"height":2048,"caption":"\u0422\u0430\u043c\u043e\u0436\u0435\u043d\u043d\u044b\u0435 \u043d\u043e\u0436\u0438 Kershaw Covalent \u0434\u043b\u044f \u0430\u043a\u0442\u0438\u0432\u043d\u043e\u0433\u043e \u043e\u0442\u0434\u044b\u0445\u0430, \u043f\u043e\u0445\u043e\u0434\u043e\u0432, \u043f\u0443\u0442\u0435\u0448\u0435\u0441\u0442\u0432\u0438\u0439 \u0438 \u0442\u0440\u0435\u043a\u0438\u043d\u0433\u0430 \u0432 \u0438\u043d\u0442\u0435\u0440\u043d\u0435\u0442-\u043c\u0430\u0433\u0430\u0437\u0438\u043d\u0435 \u0442\u043e\u0432\u0430\u0440\u043e\u0432 \u0434\u043b\u044f \u0430\u043a\u0442\u0438\u0432\u043d\u043e\u0433\u043e \u043e\u0431\u0440\u0430\u0437\u0430 \u0436\u0438\u0437\u043d\u0438"},{"@type":"BreadcrumbList","@id":"https:\/\/xstyle.md\/product\/nozh-kershaw-covalent\/#breadcrumb","itemListElement":[{"@type":"ListItem","position":1,"name":"\u0413\u043b\u0430\u0432\u043d\u0430\u044f \u0441\u0442\u0440\u0430\u043d\u0438\u0446\u0430","item":"https:\/\/xstyle.md\/"},{"@type":"ListItem","position":2,"name":"\u041c\u0430\u0433\u0430\u0437\u0438\u043d","item":"https:\/\/xstyle.md\/shop\/"},{"@type":"ListItem","position":3,"name":"\u041d\u043e\u0436 Kershaw Covalent"}]},{"@type":"WebSite","@id":"https:\/\/xstyle.md\/#website","url":"https:\/\/xstyle.md\/","name":"Magazinul X-Style","description":"Echipamente pentru turism \u0219i sporturi extreme \u00een Moldova. Pre\u021buri, fotografii, caracteristici \u00een Moldova.","publisher":{"@id":"https:\/\/xstyle.md\/#organization"},"alternateName":"X-Style","potentialAction":[{"@type":"SearchAction","target":{"@type":"EntryPoint","urlTemplate":"https:\/\/xstyle.md\/?s={search_term_string}"},"query-input":{"@type":"PropertyValueSpecification","valueRequired":true,"valueName":"search_term_string"}}],"inLanguage":"ro-RO"},{"@type":"Organization","@id":"https:\/\/xstyle.md\/#organization","name":"Magazinul X-Style","alternateName":"x-style","url":"https:\/\/xstyle.md\/","logo":{"@type":"ImageObject","inLanguage":"ro-RO","@id":"https:\/\/xstyle.md\/#\/schema\/logo\/image\/","url":"https:\/\/xstyle.md\/wp-content\/uploads\/2020\/06\/logoicon.svg","contentUrl":"https:\/\/xstyle.md\/wp-content\/uploads\/2020\/06\/logoicon.svg","caption":"\u041c\u0430\u0433\u0430\u0437\u0438\u043d Xstyle"},"image":{"@id":"https:\/\/xstyle.md\/#\/schema\/logo\/image\/"},"sameAs":["https:\/\/www.facebook.com\/xstylemd","https:\/\/www.instagram.com\/xstyle_md\/","https:\/\/t.me\/xstyle_outdoor"],"hasMerchantReturnPolicy":{"@type":"MerchantReturnPolicy","merchantReturnLink":"https:\/\/xstyle.md\/ro\/conditions\/"}}]},"product_price_amount":"2190.00","product_price_currency":"MDL","og_availability":"instock","product_availability":"instock","product_retailer_item_id":"4045011265464","product_condition":"new"},"_links":{"self":[{"href":"https:\/\/xstyle.md\/ro\/wp-json\/wp\/v2\/product\/100451","targetHints":{"allow":["GET"]}}],"collection":[{"href":"https:\/\/xstyle.md\/ro\/wp-json\/wp\/v2\/product"}],"about":[{"href":"https:\/\/xstyle.md\/ro\/wp-json\/wp\/v2\/types\/product"}],"replies":[{"embeddable":true,"href":"https:\/\/xstyle.md\/ro\/wp-json\/wp\/v2\/comments?post=100451"}],"wp:featuredmedia":[{"embeddable":true,"href":"https:\/\/xstyle.md\/ro\/wp-json\/wp\/v2\/media\/100460"}],"wp:attachment":[{"href":"https:\/\/xstyle.md\/ro\/wp-json\/wp\/v2\/media?parent=100451"}],"wp:term":[{"taxonomy":"product_brand","embeddable":true,"href":"https:\/\/xstyle.md\/ro\/wp-json\/wp\/v2\/product_brand?post=100451"},{"taxonomy":"product_cat","embeddable":true,"href":"https:\/\/xstyle.md\/ro\/wp-json\/wp\/v2\/product_cat?post=100451"},{"taxonomy":"product_tag","embeddable":true,"href":"https:\/\/xstyle.md\/ro\/wp-json\/wp\/v2\/product_tag?post=100451"}],"curies":[{"name":"wp","href":"https:\/\/api.w.org\/{rel}","templated":true}]}}